{"id":2718,"date":"2024-07-02T08:39:36","date_gmt":"2024-07-02T08:39:36","guid":{"rendered":"http:\/\/elisagroup.cz\/?page_id=2718"},"modified":"2025-04-17T16:38:21","modified_gmt":"2025-04-17T14:38:21","slug":"dlouhodoby-pronajem","status":"publish","type":"page","link":"https:\/\/elisagroup.cz\/en\/dlouhodoby-pronajem\/","title":{"rendered":"Long-term rental"},"content":{"rendered":"<div data-elementor-type=\"wp-page\" data-elementor-id=\"2718\" class=\"elementor elementor-2718\">\n\t\t\t\t\t\t<section class=\"elementor-section elementor-top-section elementor-element elementor-element-f0727c8 scheme_default elementor-section-boxed elementor-section-height-default elementor-section-height-default sc_fly_static\" data-id=\"f0727c8\" data-element_type=\"section\" data-settings=\"{&quot;background_background&quot;:&quot;classic&quot;}\">\n\t\t\t\t\t\t<div class=\"elementor-container elementor-column-gap-extended\">\n\t\t\t\t\t<div class=\"elementor-column elementor-col-100 elementor-top-column elementor-element elementor-element-075042b sc_content_align_inherit sc_layouts_column_icons_position_left sc_fly_static\" data-id=\"075042b\" data-element_type=\"column\">\n\t\t\t<div class=\"elementor-widget-wrap elementor-element-populated\">\n\t\t\t\t\t\t<div class=\"elementor-element elementor-element-c65d46d sc_layouts_hide_on_notebook sc_layouts_hide_on_tablet sc_layouts_hide_on_mobile sc_fly_static elementor-widget elementor-widget-spacer\" data-id=\"c65d46d\" data-element_type=\"widget\" data-widget_type=\"spacer.default\">\n\t\t\t\t<div class=\"elementor-widget-container\">\n\t\t\t\t\t\t\t<div class=\"elementor-spacer\">\n\t\t\t<div class=\"elementor-spacer-inner\"><\/div>\n\t\t<\/div>\n\t\t\t\t\t\t<\/div>\n\t\t\t\t<\/div>\n\t\t\t\t<div data-animation-type=\"sequental\" data-animation-stagger=\"\" class=\"elementor-element elementor-element-0de806a animation_type_sequental sc_fly_static elementor-invisible elementor-widget elementor-widget-trx_sc_price\" data-id=\"0de806a\" data-element_type=\"widget\" data-settings=\"{&quot;_animation&quot;:&quot;rentic-fadeinup&quot;,&quot;_animation_delay&quot;:100}\" data-widget_type=\"trx_sc_price.default\">\n\t\t\t\t<div class=\"elementor-widget-container\">\n\t\t\t\t\t<div  \r\n\tclass=\"sc_price sc_price_plain\"><div class=\"sc_price_columns_wrap sc_item_columns trx_addons_columns_wrap columns_padding_bottom columns_in_single_row\"><div class=\"trx_addons_column-1_3\"><div class=\"sc_price_item sc_price_item_plain\">\r\n\t\t\t<div class=\"sc_price_item_inner\"><div class=\"sc_price_item_info_top\"><h3 class=\"sc_price_item_title\"><span>Silver<\/span><\/h3><\/div><div class=\"sc_price_item_info\"><div class=\"sc_price_item_price\"><span class=\"sc_price_item_price_value\">990\u20ac<\/span><span class=\"sc_price_item_price_after\">monthly<\/span><\/div><div class=\"sc_price_item_details\"><p>The ideal package for those who need a car for short-term rental. Basic equipment and flexibility in choosing the vehicle.<\/p><\/div><a href=\"https:\/\/elisagroup.cz\/en\/kontakt\/\" class=\"sc_price_item_link sc_button_bordered sc_button\">I want that<\/a><\/div><!-- \/.sc_price_item_info --><\/div><!-- \/.sc_price_item_inner --><\/div><\/div><div class=\"trx_addons_column-1_3\"><div class=\"sc_price_item sc_price_active sc_price_item_plain\">\r\n\t\t\t<div class=\"sc_price_item_inner\"><div class=\"sc_price_item_info_top\"><h3 class=\"sc_price_item_title\"><span>Gold<\/span><\/h3><\/div><div class=\"sc_price_item_info\"><div class=\"sc_price_item_price\"><span class=\"sc_price_item_price_value\">4 990\u20ac<\/span><span class=\"sc_price_item_price_after\">monthly<\/span><\/div><div class=\"sc_price_item_details\">Comfort and options. This package offers a higher vehicle standard, unlimited mileage, and more favorable rental conditions.\n\n<\/div><a href=\"https:\/\/elisagroup.cz\/en\/kontakt\/\" class=\"sc_price_item_link sc_button_bordered sc_button\">I want that<\/a><\/div><!-- \/.sc_price_item_info --><\/div><!-- \/.sc_price_item_inner --><\/div><\/div><div class=\"trx_addons_column-1_3\"><div class=\"sc_price_item sc_price_item_plain\">\r\n\t\t\t<div class=\"sc_price_item_inner\"><div class=\"sc_price_item_info_top\"><h3 class=\"sc_price_item_title\"><span>Platinum<\/span><\/h3><\/div><div class=\"sc_price_item_info\"><div class=\"sc_price_item_price\"><span class=\"sc_price_item_price_value\">9 900\u20ac<\/span><span class=\"sc_price_item_price_after\">monthly<\/span><\/div><div class=\"sc_price_item_details\">Luxury and comfort. A premium vehicle, priority services, unlimited mileage, and exclusive benefits throughout the rental period.<\/div><a href=\"https:\/\/elisagroup.cz\/en\/kontakt\/\" class=\"sc_price_item_link sc_button_bordered sc_button\">I want that<\/a><\/div><!-- \/.sc_price_item_info --><\/div><!-- \/.sc_price_item_inner --><\/div><\/div><\/div><\/div><!-- \/.sc_price -->\t\t\t\t<\/div>\n\t\t\t\t<\/div>\n\t\t\t\t<div class=\"elementor-element elementor-element-d9cb4c9 sc_height_huge sc_fly_static elementor-widget elementor-widget-spacer\" data-id=\"d9cb4c9\" data-element_type=\"widget\" data-widget_type=\"spacer.default\">\n\t\t\t\t<div class=\"elementor-widget-container\">\n\t\t\t\t\t\t\t<div class=\"elementor-spacer\">\n\t\t\t<div class=\"elementor-spacer-inner\"><\/div>\n\t\t<\/div>\n\t\t\t\t\t\t<\/div>\n\t\t\t\t<\/div>\n\t\t\t\t<div class=\"elementor-element elementor-element-8e66893 sc_layouts_hide_on_notebook sc_layouts_hide_on_tablet sc_layouts_hide_on_mobile sc_fly_static elementor-widget elementor-widget-spacer\" data-id=\"8e66893\" data-element_type=\"widget\" data-widget_type=\"spacer.default\">\n\t\t\t\t<div class=\"elementor-widget-container\">\n\t\t\t\t\t\t\t<div class=\"elementor-spacer\">\n\t\t\t<div class=\"elementor-spacer-inner\"><\/div>\n\t\t<\/div>\n\t\t\t\t\t\t<\/div>\n\t\t\t\t<\/div>\n\t\t\t\t\t<\/div>\n\t\t<\/div>\n\t\t\t\t\t<\/div>\n\t\t<\/section>\n\t\t\t\t<section class=\"elementor-section elementor-top-section elementor-element elementor-element-76df0b7 elementor-section-content-middle scheme_dark elementor-section-boxed elementor-section-height-default elementor-section-height-default sc_fly_static\" data-id=\"76df0b7\" data-element_type=\"section\" data-settings=\"{&quot;background_background&quot;:&quot;classic&quot;}\">\n\t\t\t\t\t\t\t<div class=\"elementor-background-overlay\"><\/div>\n\t\t\t\t\t\t\t<div class=\"elementor-container elementor-column-gap-extended\">\n\t\t\t\t\t<div class=\"elementor-column elementor-col-66 elementor-top-column elementor-element elementor-element-65205a1 sc_content_align_inherit sc_layouts_column_icons_position_left sc_fly_static\" data-id=\"65205a1\" data-element_type=\"column\">\n\t\t\t<div class=\"elementor-widget-wrap elementor-element-populated\">\n\t\t\t\t\t\t<div data-animation-type=\"block\" class=\"elementor-element elementor-element-d91b239 scheme_dark animation_type_block sc_fly_static elementor-invisible elementor-widget elementor-widget-trx_sc_title\" data-id=\"d91b239\" data-element_type=\"widget\" data-settings=\"{&quot;_animation&quot;:&quot;rentic-fadein&quot;}\" data-widget_type=\"trx_sc_title.default\">\n\t\t\t\t<div class=\"elementor-widget-container\">\n\t\t\t\t\t<div\t\tclass=\"sc_title scheme_dark sc_title_default\" ><h2 class=\"sc_item_title sc_title_title sc_item_title_style_default sc_item_title_tag\"\n\t\t\t><span class=\"sc_item_title_text\">Book a car with a 15% discount for 2 days.<\/span><\/h2><\/div>\t\t\t\t<\/div>\n\t\t\t\t<\/div>\n\t\t\t\t\t<\/div>\n\t\t<\/div>\n\t\t\t\t<div class=\"elementor-column elementor-col-33 elementor-top-column elementor-element elementor-element-53f171d sc_layouts_column_align_right sc_layouts_column sc-mobile_layouts_column_align_left sc_layouts_column sc_content_align_inherit sc_layouts_column_icons_position_left sc_fly_static\" data-id=\"53f171d\" data-element_type=\"column\">\n\t\t\t<div class=\"elementor-widget-wrap elementor-element-populated\">\n\t\t\t\t\t\t<div data-animation-type=\"block\" class=\"elementor-element elementor-element-c17cde9 animation_type_block sc_fly_static elementor-invisible elementor-widget elementor-widget-trx_sc_button\" data-id=\"c17cde9\" data-element_type=\"widget\" data-settings=\"{&quot;_animation&quot;:&quot;rentic-fadein&quot;,&quot;_animation_delay&quot;:100}\" data-widget_type=\"trx_sc_button.default\">\n\t\t\t\t<div class=\"elementor-widget-container\">\n\t\t\t\t\t<div\tclass=\"sc_item_button sc_button_wrap\" ><a href=\"http:\/\/elisagroup.cz\/en\/kontakt\/\" class=\"sc_button sc_button_bordered sc_button_size_normal sc_button_icon_left color_style_dark\" ><span class=\"sc_button_text\"><span class=\"sc_button_title\">I want that<\/span><\/span><\/a><\/div>\t\t\t\t<\/div>\n\t\t\t\t<\/div>\n\t\t\t\t\t<\/div>\n\t\t<\/div>\n\t\t\t\t\t<\/div>\n\t\t<\/section>\n\t\t\t\t<\/div>","protected":false},"excerpt":{"rendered":"<p>Silver 990\u20acm\u011bs\u00ed\u010dn\u011b Ide\u00e1ln\u00ed bal\u00ed\u010dek pro ty, kte\u0159\u00ed pot\u0159ebuj\u00ed auto na kr\u00e1tkodob\u00fd pron\u00e1jem. Z\u00e1kladn\u00ed v\u00fdbava a flexibilita p\u0159i v\u00fdb\u011bru vozidla. To chci Gold 4 990\u20acm\u011bs\u00ed\u010dn\u011bKomfort a mo\u017enosti. Tento bal\u00ed\u010dek nab\u00edz\u00ed vy\u0161\u0161\u00ed&hellip;<\/p>","protected":false},"author":1,"featured_media":0,"parent":0,"menu_order":0,"comment_status":"closed","ping_status":"closed","template":"","meta":{"footnotes":""},"class_list":["post-2718","page","type-page","status-publish","hentry"],"_links":{"self":[{"href":"https:\/\/elisagroup.cz\/en\/wp-json\/wp\/v2\/pages\/2718","targetHints":{"allow":["GET"]}}],"collection":[{"href":"https:\/\/elisagroup.cz\/en\/wp-json\/wp\/v2\/pages"}],"about":[{"href":"https:\/\/elisagroup.cz\/en\/wp-json\/wp\/v2\/types\/page"}],"author":[{"embeddable":true,"href":"https:\/\/elisagroup.cz\/en\/wp-json\/wp\/v2\/users\/1"}],"replies":[{"embeddable":true,"href":"https:\/\/elisagroup.cz\/en\/wp-json\/wp\/v2\/comments?post=2718"}],"version-history":[{"count":0,"href":"https:\/\/elisagroup.cz\/en\/wp-json\/wp\/v2\/pages\/2718\/revisions"}],"wp:attachment":[{"href":"https:\/\/elisagroup.cz\/en\/wp-json\/wp\/v2\/media?parent=2718"}],"curies":[{"name":"wp","href":"https:\/\/api.w.org\/{rel}","templated":true}]}}